{"id":3434,"date":"2026-01-14T13:51:53","date_gmt":"2026-01-14T12:51:53","guid":{"rendered":"https:\/\/www.dijoncycles.fr\/?post_type=product&#038;p=3434"},"modified":"2026-04-09T15:47:21","modified_gmt":"2026-04-09T13:47:21","slug":"velo-route-carbon-polygon-strattos-s7d-105","status":"publish","type":"product","link":"https:\/\/www.dijoncycles.fr\/en\/product\/velo-route-carbon-polygon-strattos-s7d-105\/","title":{"rendered":"POLYGON Strattos S7D \u2013 V\u00e9lo de Route \u2013 SHIMANO 105 2x12V"},"content":{"rendered":"<section class=\"model-overview\">\n<div class=\"container\">\n<h4 class=\"model-overview__title\">NOS VELOS DE ROUTE PERFORMANCE<\/h4>\n<div class=\"model-overview__detail\">\n<h5>Un ch\u00e2ssis agile et polyvalent approuv\u00e9 par l\u2019UCI.<\/h5>\n<\/div>\n<\/div>\n<\/section>\n<section class=\"model-text-overview\">\n<div class=\"container\">\n<div class=\"row\">\n<div class=\"col-md\">\n<div class=\"model-text-overview__info desc-see-more\">Notre s\u00e9rie Strattos ACX carbone est issue de la comp\u00e9tition. Approuv\u00e9e par l&rsquo;Union Cycliste Internationale (UCI), la raison d&rsquo;\u00eatre de nos POLYGON Strattos ACX est de rendre l&rsquo;acquisition d&rsquo;un v\u00e9lo route performance facile pour tous. La construction de notre ensemble cadre, fourche mixe un pr\u00e9cieux rendement associ\u00e9 \u00e0 un excellent niveau de confort pour une polyvalence incontournable. L&rsquo;assurance de rouler, grimper, descendre, relancer seul ou en peloton \u00e0 son rythme tout en progressant pour prolonger ses prochaines sorties.<\/div>\n<div>\n<p>&nbsp;<\/p>\n<ul class=\"product-features__list\">\n<li><strong>L\u2019efficacit\u00e9 d\u2019un cadre carbone.<\/strong><br \/>\nLe design des tubes de la s\u00e9rie Polygon Strattos ACX a \u00e9t\u00e9 travaill\u00e9 pour augmenter l\u2019efficacit\u00e9 au p\u00e9dalage de 16 %.<\/li>\n<li><strong>Performant et confortable.<\/strong><br \/>\nLe rendement de la s\u00e9rie Polygon Strattos ACX ne fait point la guerre au confort. Les deux caract\u00e9ristiques s\u2019assemblent pour offrir un v\u00e9lo facile en montagne et agile au train comme \u00e0 la relance.<\/li>\n<li><strong>\u00c0 la pointe de la modernit\u00e9.<\/strong><br \/>\nL\u2019int\u00e9gration totale de c\u00e2bles et gaines renforce le caract\u00e8re haut de gamme de la s\u00e9rie tout en am\u00e9liorant l\u2019a\u00e9rodynamique de l\u2019ensemble.<\/li>\n<\/ul>\n<\/div>\n<\/div>\n<\/div>\n<\/div>\n<\/section>\n<p>&nbsp;<\/p>\n<p>Quelle taille choisir ?\u00a0 Faites vos mesures en ligne avec l&rsquo;<a href=\"https:\/\/www.dijoncycles.fr\/en\/etude-posturale\/\">outil DIJON CYCLES.<\/a><\/p>\n<p>Visualiser la gamme <a href=\"https:\/\/www.polygonbikes.com\/fr\/strattos-s-acx-fr\/\" target=\"_blank\" rel=\"noopener\">POLYGON Strattos S<\/a><\/p>","protected":false},"excerpt":{"rendered":"<p>NOS VELOS DE ROUTE PERFORMANCE Un ch\u00e2ssis agile et polyvalent approuv\u00e9 par l\u2019UCI. Notre s\u00e9rie Strattos ACX carbone est issue de la comp\u00e9tition. Approuv\u00e9e par l&rsquo;Union Cycliste Internationale (UCI), la raison d&rsquo;\u00eatre de nos POLYGON Strattos ACX est de rendre l&rsquo;acquisition d&rsquo;un v\u00e9lo route performance facile pour tous. La construction de notre ensemble cadre, fourche [&hellip;]<\/p>\n","protected":false},"featured_media":3442,"comment_status":"open","ping_status":"closed","template":"","meta":[],"product_brand":[57],"product_cat":[28],"product_tag":[],"class_list":{"0":"post-3434","1":"product","2":"type-product","3":"status-publish","4":"has-post-thumbnail","6":"product_brand-polygon","7":"product_cat-route","9":"first","10":"instock","11":"shipping-taxable","12":"purchasable","13":"product-type-variable","14":"has-default-attributes"},"jetpack_sharing_enabled":true,"_links":{"self":[{"href":"https:\/\/www.dijoncycles.fr\/en\/wp-json\/wp\/v2\/product\/3434","targetHints":{"allow":["GET"]}}],"collection":[{"href":"https:\/\/www.dijoncycles.fr\/en\/wp-json\/wp\/v2\/product"}],"about":[{"href":"https:\/\/www.dijoncycles.fr\/en\/wp-json\/wp\/v2\/types\/product"}],"replies":[{"embeddable":true,"href":"https:\/\/www.dijoncycles.fr\/en\/wp-json\/wp\/v2\/comments?post=3434"}],"wp:featuredmedia":[{"embeddable":true,"href":"https:\/\/www.dijoncycles.fr\/en\/wp-json\/wp\/v2\/media\/3442"}],"wp:attachment":[{"href":"https:\/\/www.dijoncycles.fr\/en\/wp-json\/wp\/v2\/media?parent=3434"}],"wp:term":[{"taxonomy":"product_brand","embeddable":true,"href":"https:\/\/www.dijoncycles.fr\/en\/wp-json\/wp\/v2\/product_brand?post=3434"},{"taxonomy":"product_cat","embeddable":true,"href":"https:\/\/www.dijoncycles.fr\/en\/wp-json\/wp\/v2\/product_cat?post=3434"},{"taxonomy":"product_tag","embeddable":true,"href":"https:\/\/www.dijoncycles.fr\/en\/wp-json\/wp\/v2\/product_tag?post=3434"}],"curies":[{"name":"wp","href":"https:\/\/api.w.org\/{rel}","templated":true}]}}