{"id":3448,"date":"2026-01-16T15:34:39","date_gmt":"2026-01-16T14:34:39","guid":{"rendered":"https:\/\/www.dijoncycles.fr\/?post_type=product&#038;p=3448"},"modified":"2026-04-20T15:23:50","modified_gmt":"2026-04-20T13:23:50","slug":"velo-route-carbone-bianchi-infinito-105-di2","status":"publish","type":"product","link":"https:\/\/www.dijoncycles.fr\/en\/product\/velo-route-carbone-bianchi-infinito-105-di2\/","title":{"rendered":"BIANCHI Infinito 105 Di2 2025 Taille 53 C\u00e9leste"},"content":{"rendered":"<div class=\"col-12\">\n<p>L&rsquo;Infinito est la r\u00e9ponse de BIANCHI aux cyclistes qui veulent rouler &lsquo;pour toujours&rsquo;. Plus stable que l&rsquo;Oltre, plus confortable que le Specialissima, c&rsquo;est le v\u00e9lo route id\u00e9al pour les Gran Fondos et les routes exigeantes.<\/p>\n<h4><span dir=\"auto\">Aller jusqu&rsquo;au\u00a0<\/span><strong><span dir=\"auto\">bout<\/span><\/strong><\/h4>\n<\/div>\n<p><span dir=\"auto\">Que vous participiez \u00e0 des Gran Fondo ou que vous vous lanciez dans de longues aventures en solitaire, ce V\u00e9lo de route endurance haut de gamme vous incitera \u00e0 rouler plus loin, sans limites.<\/span><\/p>\n<h4>Une machine d&rsquo;endurance pure.<\/h4>\n<p class=\"offset-lg-3 col-lg-6\">L&rsquo;Infinito r\u00e9pond \u00e0 un besoin des cycliste sur route: celui d&rsquo;un v\u00e9lo rapide avec lequel on a l&rsquo;impression de pouvoir rouler ind\u00e9finiment.<br \/>\nQu&rsquo;est-ce qui fait un excellent v\u00e9lo d&rsquo;endurance ? Ca G\u00e9om\u00e9trie de cadre pour le confort cyclosport pour\u00a0rouler confortablement pendant des heures, tout en conservant une bonne vitesse et bien s\u00fbr la possibilit\u00e9 de conserver une bonne vitesse. Et bien s\u00fbr, la possibilit\u00e9 de profiter pleinement du cyclisme, que ce soit en solo, en couple ou entre amis.<br \/>\nLe nouvel Infinito reprends la g\u00e9om\u00e9trie d&rsquo;endurance \u00e9prouver du mod\u00e8le phare Infinito CV et l&rsquo;associe \u00e0 un c\u00e2blage int\u00e9gr\u00e9 pour cr\u00e9er l&rsquo;un des v\u00e9los les plus s\u00e9duisants du march\u00e9.<\/p>\n<p><strong>Une g\u00e9om\u00e9trie pour tous.<\/strong><br \/>\nNotre g\u00e9om\u00e9trie d&rsquo;endurance a \u00e9t\u00e9 valid\u00e9e par les meilleurs d&rsquo;heures d&rsquo;utilisation par des cycliste du monde entier, qui l&rsquo;ont test\u00e9 sur des parcours incroyablement vari\u00e9s. La cat\u00e9gorie Endurance est vaste, mais cette g\u00e9om\u00e9trie offrent toujours une performance optimale, aussi bien pour les hommes que pour les femmes. Un tube de direction plus haut assure une position de conduite plus confortable, que vous pouvez maintenir pendant de longues heures.<\/p>\n<p>Quelle taille choisir ?\u00a0 Faites vos mesures en ligne avec l&rsquo;<a href=\"https:\/\/www.dijoncycles.fr\/en\/etude-posturale\/\">outil DIJON CYCLES.<\/a><\/p>\n<p>Visualiser la gamme <a href=\"https:\/\/www.bianchi.com\/bianchi-infinito\/\" target=\"_blank\" rel=\"noopener\">BIANCHI Infinito<\/a><\/p>","protected":false},"excerpt":{"rendered":"<p>L&rsquo;Infinito est la r\u00e9ponse de BIANCHI aux cyclistes qui veulent rouler &lsquo;pour toujours&rsquo;. Plus stable que l&rsquo;Oltre, plus confortable que le Specialissima, c&rsquo;est le v\u00e9lo route id\u00e9al pour les Gran Fondos et les routes exigeantes. Aller jusqu&rsquo;au\u00a0bout Que vous participiez \u00e0 des Gran Fondo ou que vous vous lanciez dans de longues aventures en solitaire, [&hellip;]<\/p>\n","protected":false},"featured_media":1307,"comment_status":"open","ping_status":"closed","template":"","meta":[],"product_brand":[36],"product_cat":[28],"product_tag":[],"class_list":{"0":"post-3448","1":"product","2":"type-product","3":"status-publish","4":"has-post-thumbnail","6":"product_brand-bianchi","7":"product_cat-route","9":"first","10":"instock","11":"shipping-taxable","12":"purchasable","13":"product-type-simple"},"jetpack_sharing_enabled":true,"_links":{"self":[{"href":"https:\/\/www.dijoncycles.fr\/en\/wp-json\/wp\/v2\/product\/3448","targetHints":{"allow":["GET"]}}],"collection":[{"href":"https:\/\/www.dijoncycles.fr\/en\/wp-json\/wp\/v2\/product"}],"about":[{"href":"https:\/\/www.dijoncycles.fr\/en\/wp-json\/wp\/v2\/types\/product"}],"replies":[{"embeddable":true,"href":"https:\/\/www.dijoncycles.fr\/en\/wp-json\/wp\/v2\/comments?post=3448"}],"wp:featuredmedia":[{"embeddable":true,"href":"https:\/\/www.dijoncycles.fr\/en\/wp-json\/wp\/v2\/media\/1307"}],"wp:attachment":[{"href":"https:\/\/www.dijoncycles.fr\/en\/wp-json\/wp\/v2\/media?parent=3448"}],"wp:term":[{"taxonomy":"product_brand","embeddable":true,"href":"https:\/\/www.dijoncycles.fr\/en\/wp-json\/wp\/v2\/product_brand?post=3448"},{"taxonomy":"product_cat","embeddable":true,"href":"https:\/\/www.dijoncycles.fr\/en\/wp-json\/wp\/v2\/product_cat?post=3448"},{"taxonomy":"product_tag","embeddable":true,"href":"https:\/\/www.dijoncycles.fr\/en\/wp-json\/wp\/v2\/product_tag?post=3448"}],"curies":[{"name":"wp","href":"https:\/\/api.w.org\/{rel}","templated":true}]}}