{"id":3464,"date":"2026-01-19T11:26:13","date_gmt":"2026-01-19T10:26:13","guid":{"rendered":"https:\/\/www.dijoncycles.fr\/?post_type=product&#038;p=3464"},"modified":"2026-04-14T16:45:35","modified_gmt":"2026-04-14T14:45:35","slug":"vtc-trekking-winora-domingo-x24-high","status":"publish","type":"product","link":"https:\/\/www.dijoncycles.fr\/en\/product\/vtc-trekking-winora-domingo-x24-high\/","title":{"rendered":"WINORA Domingo X24 HIGH"},"content":{"rendered":"<div id=\"collapse-panel-product-desc\" class=\"c-collapse__panel\" tabindex=\"-1\" role=\"region\" aria-labelledby=\"collapse-trigger-product-desc\" aria-hidden=\"false\">\n<div class=\"c-collapse__inner\">\n<div class=\"s-cms u-mb(2xl)@phone-up u-mb(sm)@phone\">\n<div class=\"s-cms u-mb(2xl)@phone-up u-mb(sm)@phone\">\n<p>Enfourchez votre v\u00e9lo et partez \u00e0 l&rsquo;aventure ! Le Winora Domingo 24 est un VTC de trekking dynamique et polyvalent, id\u00e9al pour les trajets domicile-travail et les chemins de campagne, pr\u00eat pour toutes vos excursions. Son cadre l\u00e9ger en aluminium de haute qualit\u00e9 et sa fourche suspendue SR Suntour de 63 mm de d\u00e9battement vous garantissent un confort optimal sur l&rsquo;asphalte comme sur les chemins de gravier, pour absorber les nids-de-poule et pav\u00e9s. M\u00eame dans les mont\u00e9es les plus raides, vous trouverez toujours le rapport id\u00e9al gr\u00e2ce \u00e0 la transmission Shimano 24 vitesses, fluide et pr\u00e9cise, pour grimper toutes les c\u00f4tes sans effort. Et pour les descentes, les puissants freins \u00e0 disque hydrauliques Shimano vous assurent un contr\u00f4le parfait et un arr\u00eat net, m\u00eame sous la pluie avec des sacoches charg\u00e9es. Pratique : lors des longues sorties, le porte-bagages de s\u00e9rie vous permettra d&#8217;emporter tout le n\u00e9cessaire. La nuit, les \u00e9l\u00e9ments r\u00e9fl\u00e9chissants vous offrent une s\u00e9curit\u00e9 accrue et l&rsquo;\u00e9clairage int\u00e9gr\u00e9 aliment\u00e9 par <b data-path-to-node=\"12,2,0\" data-index-in-node=\"42\">moyeu dynamo<\/b> ne tombe jamais en panne de batterie. En bref : un VTT de trekking qui vous m\u00e8nera jusqu&rsquo;\u00e0 l&rsquo;horizon \u2013 et peut-\u00eatre m\u00eame un peu plus loin.<\/p>\n<\/div>\n<\/div>\n<\/div>\n<\/div>\n<p>Visualiser la gamme <a href=\"https:\/\/www.winora.com\/fr-fr\/search\/?query=domingo\" target=\"_blank\" rel=\"noopener\">WINORA Domingo X24<\/a><\/p>","protected":false},"excerpt":{"rendered":"<p>Enfourchez votre v\u00e9lo et partez \u00e0 l&rsquo;aventure ! Le Winora Domingo 24 est un VTC de trekking dynamique et polyvalent, id\u00e9al pour les trajets domicile-travail et les chemins de campagne, pr\u00eat pour toutes vos excursions. Son cadre l\u00e9ger en aluminium de haute qualit\u00e9 et sa fourche suspendue SR Suntour de 63 mm de d\u00e9battement vous [&hellip;]<\/p>\n","protected":false},"featured_media":3473,"comment_status":"open","ping_status":"closed","template":"","meta":[],"product_brand":[55],"product_cat":[32],"product_tag":[],"class_list":{"0":"post-3464","1":"product","2":"type-product","3":"status-publish","4":"has-post-thumbnail","6":"product_brand-winora","7":"product_cat-ville-loisirs","9":"first","10":"instock","11":"shipping-taxable","12":"purchasable","13":"product-type-variable"},"jetpack_sharing_enabled":true,"_links":{"self":[{"href":"https:\/\/www.dijoncycles.fr\/en\/wp-json\/wp\/v2\/product\/3464","targetHints":{"allow":["GET"]}}],"collection":[{"href":"https:\/\/www.dijoncycles.fr\/en\/wp-json\/wp\/v2\/product"}],"about":[{"href":"https:\/\/www.dijoncycles.fr\/en\/wp-json\/wp\/v2\/types\/product"}],"replies":[{"embeddable":true,"href":"https:\/\/www.dijoncycles.fr\/en\/wp-json\/wp\/v2\/comments?post=3464"}],"wp:featuredmedia":[{"embeddable":true,"href":"https:\/\/www.dijoncycles.fr\/en\/wp-json\/wp\/v2\/media\/3473"}],"wp:attachment":[{"href":"https:\/\/www.dijoncycles.fr\/en\/wp-json\/wp\/v2\/media?parent=3464"}],"wp:term":[{"taxonomy":"product_brand","embeddable":true,"href":"https:\/\/www.dijoncycles.fr\/en\/wp-json\/wp\/v2\/product_brand?post=3464"},{"taxonomy":"product_cat","embeddable":true,"href":"https:\/\/www.dijoncycles.fr\/en\/wp-json\/wp\/v2\/product_cat?post=3464"},{"taxonomy":"product_tag","embeddable":true,"href":"https:\/\/www.dijoncycles.fr\/en\/wp-json\/wp\/v2\/product_tag?post=3464"}],"curies":[{"name":"wp","href":"https:\/\/api.w.org\/{rel}","templated":true}]}}