{"id":3857,"date":"2026-03-06T11:00:46","date_gmt":"2026-03-06T10:00:46","guid":{"rendered":"https:\/\/www.dijoncycles.fr\/?post_type=product&#038;p=3857"},"modified":"2026-04-08T12:05:01","modified_gmt":"2026-04-08T10:05:01","slug":"velo-de-route-bianchi-infinito-105-di2","status":"publish","type":"product","link":"https:\/\/www.dijoncycles.fr\/en\/product\/velo-de-route-bianchi-infinito-105-di2\/","title":{"rendered":"BIANCHI Infinito 105 Di2 2026"},"content":{"rendered":"<h4>Bianchi Infinito 105 Di2(2026) \u2013 L&rsquo;ic\u00f4ne de l&rsquo;endurance se r\u00e9invente<\/h4>\n<p>Le confort n&rsquo;est plus un compromis, c&rsquo;est une arme. Le tout nouveau v\u00e9lo de route <b data-path-to-node=\"9,0\" data-index-in-node=\"69\">Bianchi Infinito 2026<\/b> est chez Dijon Cycles. Toujours fid\u00e8le \u00e0 son ADN de v\u00e9lo d&rsquo;endurance, cette nouvelle g\u00e9n\u00e9ration repousse les limites de la polyvalence : un cadre plus rigide pour plus de r\u00e9pondant, tout en int\u00e9grant une capacit\u00e9 &lsquo;Gravel&rsquo; in\u00e9dite pour un v\u00e9lo de route.<\/p>\n<div class=\"col-12\">\n<p><strong><span dir=\"auto\">Aller jusqu\u2019au\u00a0<\/span><span dir=\"auto\"><strong>bout<\/strong><br \/>\n<\/span><\/strong>Que vous participiez \u00e0 des Gran Fondo ou que vous vous lanciez dans de longues aventures en solitaire, ce V\u00e9lo de route endurance haut de gamme vous incitera \u00e0 rouler plus loin, sans limites.<\/p>\n<\/div>\n<p><strong>Une machine d\u2019endurance pure.<\/strong><br \/>\nL\u2019Infinito r\u00e9pond \u00e0 un besoin des cycliste sur route: celui d\u2019un v\u00e9lo rapide avec lequel on a l\u2019impression de pouvoir rouler ind\u00e9finiment.<br \/>\nQu\u2019est-ce qui fait un excellent v\u00e9lo d\u2019endurance ? Ca G\u00e9om\u00e9trie de cadre pour le confort cyclosport pour\u00a0rouler confortablement pendant des heures, tout en conservant une bonne vitesse et bien s\u00fbr la possibilit\u00e9 de conserver une bonne vitesse. Et bien s\u00fbr, la possibilit\u00e9 de profiter pleinement du cyclisme, que ce soit en solo, en couple ou entre amis.<br \/>\nLe nouvel Infinito reprends la g\u00e9om\u00e9trie d\u2019endurance \u00e9prouver du mod\u00e8le phare Infinito CV et l\u2019associe \u00e0 un c\u00e2blage int\u00e9gr\u00e9 pour cr\u00e9er l\u2019un des v\u00e9los les plus s\u00e9duisants du march\u00e9.<\/p>\n<p><strong>Une g\u00e9om\u00e9trie pour tous.<\/strong><br \/>\nNotre g\u00e9om\u00e9trie d\u2019endurance a \u00e9t\u00e9 valid\u00e9e par les meilleurs d\u2019heures d\u2019utilisation par des cycliste du monde entier, qui l\u2019ont test\u00e9 sur des parcours incroyablement vari\u00e9s. La cat\u00e9gorie Endurance est vaste, mais cette g\u00e9om\u00e9trie offrent toujours une performance optimale, aussi bien pour les hommes que pour les femmes. Un tube de direction plus haut assure une position de conduite plus confortable, que vous pouvez maintenir pendant de longues heures.<\/p>\n<ul>\n<li>\n<p data-path-to-node=\"11,0,0\"><b data-path-to-node=\"11,0,0\" data-index-in-node=\"0\">Technologie Countervail\u00ae :<\/b> Int\u00e9gr\u00e9e dans la fourche et la tige de selle, elle annule 80% des vibrations de la route. Un confort incomparable sur les longues distances.<br \/>\n<b data-path-to-node=\"11,1,0\" data-index-in-node=\"0\">Nouvelle Rigidit\u00e9 Lat\u00e9rale :<\/b> Un bo\u00eetier de p\u00e9dalier renforc\u00e9 pour transformer chaque coup de p\u00e9dale en vitesse pure.<br \/>\n<b data-path-to-node=\"11,2,0\" data-index-in-node=\"0\">Compatibilit\u00e9 Pneus 40mm :<\/b> Passez de la route au chemin de terre en un clin d&rsquo;\u0153il. L&rsquo;Infinito devient le compagnon id\u00e9al pour le \u00ab\u00a0Light Gravel\u00a0\u00bb.<br \/>\n<b data-path-to-node=\"11,3,0\" data-index-in-node=\"0\">Groupe Shimano 105 Di2 :<\/b> La rapidit\u00e9 et la fiabilit\u00e9 l\u00e9gendaire pour une transmission fluide en toutes circonstances.<\/p>\n<\/li>\n<\/ul>\n<p><strong>L&rsquo;avis de l&rsquo;expert Dijon Cycles :<\/strong><br \/>\n\u00ab\u00a0Le nouveau Bianchi Infinito 2026 est une petite r\u00e9volution dans notre magasin. Ce n&rsquo;est plus seulement le v\u00e9lo d&rsquo;endurance confortable que l&rsquo;on connaissait, c&rsquo;est devenu une v\u00e9ritable machine &lsquo;All-Road, la technologie <b data-path-to-node=\"3,1\" data-index-in-node=\"55\">Countervail<\/b> fait des merveilles sur les routes granuleuses de l&rsquo;arri\u00e8re-pays dijonnais.\u00a0\u00bb<\/p>\n<p>Quelle taille choisir ?\u00a0 Faites vos mesures en ligne avec l\u2019<a href=\"https:\/\/www.dijoncycles.fr\/en\/etude-posturale\/\">outil DIJON CYCLES.<\/a><\/p>\n<p>Visualiser la gamme\u00a0<a href=\"https:\/\/www.bianchi.com\/bianchi-infinito-2026\/\" target=\"_blank\" rel=\"noopener\">BIANCHI Infinito<\/a><\/p>","protected":false},"excerpt":{"rendered":"<p>Bianchi Infinito 105 Di2(2026) \u2013 L&rsquo;ic\u00f4ne de l&rsquo;endurance se r\u00e9invente Le confort n&rsquo;est plus un compromis, c&rsquo;est une arme. Le tout nouveau v\u00e9lo de route Bianchi Infinito 2026 est chez Dijon Cycles. Toujours fid\u00e8le \u00e0 son ADN de v\u00e9lo d&rsquo;endurance, cette nouvelle g\u00e9n\u00e9ration repousse les limites de la polyvalence : un cadre plus rigide pour [&hellip;]<\/p>\n","protected":false},"featured_media":3837,"comment_status":"open","ping_status":"closed","template":"","meta":[],"product_brand":[36],"product_cat":[28],"product_tag":[],"class_list":{"0":"post-3857","1":"product","2":"type-product","3":"status-publish","4":"has-post-thumbnail","6":"product_brand-bianchi","7":"product_cat-route","9":"first","10":"instock","11":"shipping-taxable","12":"purchasable","13":"product-type-variable","14":"has-default-attributes"},"jetpack_sharing_enabled":true,"_links":{"self":[{"href":"https:\/\/www.dijoncycles.fr\/en\/wp-json\/wp\/v2\/product\/3857","targetHints":{"allow":["GET"]}}],"collection":[{"href":"https:\/\/www.dijoncycles.fr\/en\/wp-json\/wp\/v2\/product"}],"about":[{"href":"https:\/\/www.dijoncycles.fr\/en\/wp-json\/wp\/v2\/types\/product"}],"replies":[{"embeddable":true,"href":"https:\/\/www.dijoncycles.fr\/en\/wp-json\/wp\/v2\/comments?post=3857"}],"wp:featuredmedia":[{"embeddable":true,"href":"https:\/\/www.dijoncycles.fr\/en\/wp-json\/wp\/v2\/media\/3837"}],"wp:attachment":[{"href":"https:\/\/www.dijoncycles.fr\/en\/wp-json\/wp\/v2\/media?parent=3857"}],"wp:term":[{"taxonomy":"product_brand","embeddable":true,"href":"https:\/\/www.dijoncycles.fr\/en\/wp-json\/wp\/v2\/product_brand?post=3857"},{"taxonomy":"product_cat","embeddable":true,"href":"https:\/\/www.dijoncycles.fr\/en\/wp-json\/wp\/v2\/product_cat?post=3857"},{"taxonomy":"product_tag","embeddable":true,"href":"https:\/\/www.dijoncycles.fr\/en\/wp-json\/wp\/v2\/product_tag?post=3857"}],"curies":[{"name":"wp","href":"https:\/\/api.w.org\/{rel}","templated":true}]}}