{"id":3903,"date":"2026-03-06T15:44:24","date_gmt":"2026-03-06T14:44:24","guid":{"rendered":"https:\/\/www.dijoncycles.fr\/?post_type=product&#038;p=3903"},"modified":"2026-04-11T09:05:42","modified_gmt":"2026-04-11T07:05:42","slug":"velo-de-route-bianchi-infinito-pro-axs","status":"publish","type":"product","link":"https:\/\/www.dijoncycles.fr\/en\/product\/velo-de-route-bianchi-infinito-pro-axs\/","title":{"rendered":"BIANCHI Infinito Pro Force AXS PWM"},"content":{"rendered":"<h4>Bianchi Infinito Pro 2026 \u2013 L\u2019\u00e9quilibre parfait entre vitesse et absorption<\/h4>\n<p>Pr\u00e9parez-vous \u00e0 repousser vos limites avec le nouveau v\u00e9lo de route<b data-path-to-node=\"9,0\" data-index-in-node=\"47\">\u00a0Bianchi Infinito Pro 2026<\/b>. Cette version \u2018Pro\u2019 a \u00e9t\u00e9 con\u00e7ue pour les cyclistes exigeants qui recherchent la r\u00e9activit\u00e9 d\u2019un v\u00e9lo de course sans sacrifier le confort sur les longues distances. Sa nouveaut\u00e9 majeure ? L\u2019int\u00e9gration de la technologie carbone\u00a0<b data-path-to-node=\"9,0\" data-index-in-node=\"310\">Countervail<\/b>\u00a0qui transforme radicalement votre exp\u00e9rience de pilotage sur tous les terrains.<\/p>\n<div class=\"col-12\">\n<p><strong><span dir=\"auto\">Moins de vibration pour une pratique illimit\u00e9e.<br \/>\n<\/span><\/strong>Le nouveau Bianchi Infinito allie 3 \u00e9l\u00e9ments cl\u00e9: les performances d\u2019un v\u00e9lo haut de gamme, un confort optimal pour les longues sorties et une polyvalence adapt\u00e9e au gravel pour exceller sur tout type de terrain. Le r\u00e9sultat ? Un v\u00e9lo polyvalent sans limites, qui donne l\u2019impression de pouvoir rouler ind\u00e9finiment.<\/p>\n<\/div>\n<p><strong>Une machine d\u2019endurance pure.<\/strong><br \/>\nL\u2019Infinito r\u00e9pond \u00e0 un besoin des cycliste sur route: celui d\u2019un v\u00e9lo rapide avec lequel on a l\u2019impression de pouvoir rouler ind\u00e9finiment.<br \/>\nQu\u2019est-ce qui fait un excellent v\u00e9lo d\u2019endurance ? Ca G\u00e9om\u00e9trie de cadre pour le confort cyclosport pour\u00a0rouler confortablement pendant des heures, tout en conservant une bonne vitesse et bien s\u00fbr la possibilit\u00e9 de conserver une bonne vitesse. Et bien s\u00fbr, la possibilit\u00e9 de profiter pleinement du cyclisme, que ce soit en solo, en couple ou entre amis.<br \/>\nLe nouvel Infinito reprends la g\u00e9om\u00e9trie d\u2019endurance \u00e9prouver du mod\u00e8le phare Infinito CV et l\u2019associe \u00e0 un c\u00e2blage int\u00e9gr\u00e9 pour cr\u00e9er l\u2019un des v\u00e9los les plus s\u00e9duisants du march\u00e9.<\/p>\n<p><strong>Une g\u00e9om\u00e9trie pour tous.<\/strong><br \/>\nNotre g\u00e9om\u00e9trie d\u2019endurance a \u00e9t\u00e9 valid\u00e9e par les meilleurs d\u2019heures d\u2019utilisation par des cycliste du monde entier, qui l\u2019ont test\u00e9 sur des parcours incroyablement vari\u00e9s. La cat\u00e9gorie Endurance est vaste, mais cette g\u00e9om\u00e9trie offrent toujours une performance optimale, aussi bien pour les hommes que pour les femmes. Un tube de direction plus haut assure une position de conduite plus confortable, que vous pouvez maintenir pendant de longues heures.<\/p>\n<ul>\n<li><span data-path-to-node=\"2,0,1,0\"><b data-path-to-node=\"2,0,1,0\" data-index-in-node=\"0\"><span class=\"citation-66\">Technologie Countervail (CV) Optimis\u00e9e :<\/span><\/b><span class=\"citation-66\">\u00a0Contrairement \u00e0 l\u2019ancienne g\u00e9n\u00e9ration, la nouvelle formule CV (m\u00e9lange de carbone et mat\u00e9riau visco\u00e9lastique) est\u00a0<\/span><b data-path-to-node=\"2,0,1,0\" data-index-in-node=\"155\"><span class=\"citation-66\">20 % plus l\u00e9g\u00e8re<\/span><\/b><\/span><span data-path-to-node=\"2,0,1,2\">.\u00a0<\/span><span data-path-to-node=\"2,0,1,4\"><span class=\"citation-65\">Elle est d\u00e9sormais int\u00e9gr\u00e9e non seulement dans la fourche, mais aussi dans la\u00a0<\/span><b data-path-to-node=\"2,0,1,4\" data-index-in-node=\"78\"><span class=\"citation-65\">nouvelle tige de selle redessin\u00e9e<\/span><\/b><span class=\"citation-65\">\u00a0pour une absorption maximale des vibrations sans syst\u00e8me m\u00e9canique lourd<\/span><\/span><span data-path-to-node=\"2,0,1,6\">.<\/span><\/li>\n<li><b data-path-to-node=\"11,1,0\" data-index-in-node=\"0\">Polyvalence All-Road :<\/b>\u00a0Comme sa version standard, le mod\u00e8le Pro accepte des pneus jusqu\u2019\u00e0\u00a0<b data-path-to-node=\"11,1,0\" data-index-in-node=\"85\">40mm<\/b>, vous permettant de passer du bitume lisse aux secteurs de \u00ab Light Gravel \u00bb en toute confiance.<\/li>\n<li><b data-path-to-node=\"11,2,0\" data-index-in-node=\"0\">G\u00e9om\u00e9trie Endurance Optimis\u00e9e :<\/b><span data-path-to-node=\"2,2,1,0\"><span class=\"citation-63\">\u00a0Le \u00ab\u00a0stack\u00a0\u00bb a \u00e9t\u00e9 augment\u00e9 pour plus de confort sur les longues distances, et les bases ont \u00e9t\u00e9 rallong\u00e9es pour une meilleure stabilit\u00e9 \u00e0 haute vitesse<\/span><\/span><span data-path-to-node=\"2,2,1,2\">.\u00a0<\/span>Une position moins exigeante pour le dos et les cervicales, id\u00e9ale pour les \u00e9preuves d\u2019ultra-distance ou les sorties de plus de 150km.<\/li>\n<li><span data-path-to-node=\"2,1,1,0\"><b data-path-to-node=\"2,1,1,0\" data-index-in-node=\"0\"><span class=\"citation-64\">Performance Pure :<\/span><\/b><span class=\"citation-64\">\u00a0Le cadre et la fourche ont \u00e9t\u00e9 d\u00e9velopp\u00e9s comme un syst\u00e8me int\u00e9gr\u00e9 haute rigidit\u00e9, offrant un gain de\u00a0<\/span><b data-path-to-node=\"2,1,1,0\" data-index-in-node=\"121\"><span class=\"citation-64\">12 Watts<\/span><\/b><span class=\"citation-64\">\u00a0par rapport \u00e0 la version pr\u00e9c\u00e9dente<\/span><\/span><span data-path-to-node=\"2,1,1,2\">.<\/span><\/li>\n<li><b data-path-to-node=\"11,3,0\" data-index-in-node=\"0\">Finition Pro :<\/b> Des d\u00e9tails de peinture et d\u2019int\u00e9gration de c\u00e2blerie sup\u00e9rieurs, soulignant l\u2019\u00e9l\u00e9gance italienne embl\u00e9matique de Bianchi.<\/li>\n<li><span data-path-to-node=\"6,1,1,0\"><b data-path-to-node=\"6,1,1,0\" data-index-in-node=\"0\"><span class=\"citation-60\">Toolbox Int\u00e9gr\u00e9e :<\/span><\/b><span class=\"citation-60\">\u00a0Un compartiment interne est d\u00e9sormais dissimul\u00e9 dans le cadre pour ranger des outils de secours ou un coupe-vent sans d\u00e9grader l\u2019a\u00e9rodynamisme<\/span><\/span><span data-path-to-node=\"6,1,1,2\">.<\/span><\/li>\n<\/ul>\n<p><strong>L&rsquo;avis de l&rsquo;expert Dijon Cycles :<\/strong><br \/>\n\u00ab\u00a0Le mod\u00e8le Pro est celui qui offre le meilleur ressenti \u2018course\u2019. Gr\u00e2ce au Countervail pr\u00e9sent sur tout le cadre, le v\u00e9lo est plus nerveux et plus l\u00e9ger que la version standard. C\u2019est l\u2019investissement id\u00e9al pour un cyclosportif qui veut un v\u00e9lo capable de briller sur une Marmotte ou une \u00e9tape du Tour, tout en \u00e9tant pr\u00eat pour l\u2019aventure hors-piste.\u00a0\u00bb<\/p>\n<p>Quelle taille choisir ?\u00a0 Faites vos mesures en ligne avec l\u2019<a href=\"https:\/\/www.dijoncycles.fr\/en\/etude-posturale\/\">outil DIJON CYCLES.<\/a><\/p>\n<p>Visualiser la gamme\u00a0<a href=\"https:\/\/www.bianchi.com\/bianchi-infinito-2026\/\" target=\"_blank\" rel=\"noopener\">BIANCHI Infinito<\/a><\/p>","protected":false},"excerpt":{"rendered":"<p>Bianchi Infinito Pro 2026 \u2013 L\u2019\u00e9quilibre parfait entre vitesse et absorption Pr\u00e9parez-vous \u00e0 repousser vos limites avec le nouveau v\u00e9lo de route\u00a0Bianchi Infinito Pro 2026. Cette version \u2018Pro\u2019 a \u00e9t\u00e9 con\u00e7ue pour les cyclistes exigeants qui recherchent la r\u00e9activit\u00e9 d\u2019un v\u00e9lo de course sans sacrifier le confort sur les longues distances. Sa nouveaut\u00e9 majeure ? [&hellip;]<\/p>\n","protected":false},"featured_media":3836,"comment_status":"open","ping_status":"closed","template":"","meta":[],"product_brand":[36],"product_cat":[28],"product_tag":[],"class_list":{"0":"post-3903","1":"product","2":"type-product","3":"status-publish","4":"has-post-thumbnail","6":"product_brand-bianchi","7":"product_cat-route","9":"first","10":"instock","11":"shipping-taxable","12":"purchasable","13":"product-type-variable"},"jetpack_sharing_enabled":true,"_links":{"self":[{"href":"https:\/\/www.dijoncycles.fr\/en\/wp-json\/wp\/v2\/product\/3903","targetHints":{"allow":["GET"]}}],"collection":[{"href":"https:\/\/www.dijoncycles.fr\/en\/wp-json\/wp\/v2\/product"}],"about":[{"href":"https:\/\/www.dijoncycles.fr\/en\/wp-json\/wp\/v2\/types\/product"}],"replies":[{"embeddable":true,"href":"https:\/\/www.dijoncycles.fr\/en\/wp-json\/wp\/v2\/comments?post=3903"}],"wp:featuredmedia":[{"embeddable":true,"href":"https:\/\/www.dijoncycles.fr\/en\/wp-json\/wp\/v2\/media\/3836"}],"wp:attachment":[{"href":"https:\/\/www.dijoncycles.fr\/en\/wp-json\/wp\/v2\/media?parent=3903"}],"wp:term":[{"taxonomy":"product_brand","embeddable":true,"href":"https:\/\/www.dijoncycles.fr\/en\/wp-json\/wp\/v2\/product_brand?post=3903"},{"taxonomy":"product_cat","embeddable":true,"href":"https:\/\/www.dijoncycles.fr\/en\/wp-json\/wp\/v2\/product_cat?post=3903"},{"taxonomy":"product_tag","embeddable":true,"href":"https:\/\/www.dijoncycles.fr\/en\/wp-json\/wp\/v2\/product_tag?post=3903"}],"curies":[{"name":"wp","href":"https:\/\/api.w.org\/{rel}","templated":true}]}}