{"id":3932,"date":"2026-03-06T23:15:25","date_gmt":"2026-03-06T22:15:25","guid":{"rendered":"https:\/\/www.dijoncycles.fr\/?post_type=product&#038;p=3932"},"modified":"2026-04-09T15:48:22","modified_gmt":"2026-04-09T13:48:22","slug":"velo-de-route-bianchi-infinito-launch","status":"publish","type":"product","link":"https:\/\/www.dijoncycles.fr\/en\/product\/velo-de-route-bianchi-infinito-launch\/","title":{"rendered":"BIANCHI Infinito LAUNCH \u00e9dtion limit\u00e9e"},"content":{"rendered":"<h4>Bianchi Infinito Pro 2026 \u2013 L&rsquo;\u00e9quilibre parfait entre vitesse et absorption<\/h4>\n<p>Pr\u00e9parez-vous \u00e0 repousser vos limites avec le nouveau v\u00e9lo de route<b data-path-to-node=\"9,0\" data-index-in-node=\"47\"> Bianchi Infinito Pro 2026<\/b>. Cette version &lsquo;Pro&rsquo; a \u00e9t\u00e9 con\u00e7ue pour les cyclistes exigeants qui recherchent la r\u00e9activit\u00e9 d&rsquo;un v\u00e9lo de course sans sacrifier le confort sur les longues distances. Sa nouveaut\u00e9 majeure ? L&rsquo;int\u00e9gration de la technologie carbone <b data-path-to-node=\"9,0\" data-index-in-node=\"310\">Countervail<\/b> qui transforme radicalement votre exp\u00e9rience de pilotage sur tous les terrains.<\/p>\n<div class=\"col-12\">\n<p><strong><span dir=\"auto\">Moins de vibration pour une pratique illimit\u00e9e.<br \/>\n<\/span><\/strong>Le nouveau Bianchi Infinito allie 3 \u00e9l\u00e9ments cl\u00e9: les performances d&rsquo;un v\u00e9lo haut de gamme, un confort optimal pour les longues sorties et une polyvalence adapt\u00e9e au gravel pour exceller sur tout type de terrain. Le r\u00e9sultat ? Un v\u00e9lo polyvalent sans limites, qui donne l&rsquo;impression de pouvoir rouler ind\u00e9finiment.<\/p>\n<\/div>\n<p><strong>Une machine d\u2019endurance pure.<\/strong><br \/>\nL\u2019Infinito r\u00e9pond \u00e0 un besoin des cycliste sur route: celui d\u2019un v\u00e9lo rapide avec lequel on a l\u2019impression de pouvoir rouler ind\u00e9finiment.<br \/>\nQu\u2019est-ce qui fait un excellent v\u00e9lo d\u2019endurance ? Ca G\u00e9om\u00e9trie de cadre pour le confort cyclosport pour\u00a0rouler confortablement pendant des heures, tout en conservant une bonne vitesse et bien s\u00fbr la possibilit\u00e9 de conserver une bonne vitesse. Et bien s\u00fbr, la possibilit\u00e9 de profiter pleinement du cyclisme, que ce soit en solo, en couple ou entre amis.<br \/>\nLe nouvel Infinito reprends la g\u00e9om\u00e9trie d\u2019endurance \u00e9prouver du mod\u00e8le phare Infinito CV et l\u2019associe \u00e0 un c\u00e2blage int\u00e9gr\u00e9 pour cr\u00e9er l\u2019un des v\u00e9los les plus s\u00e9duisants du march\u00e9.<\/p>\n<p><strong>Une g\u00e9om\u00e9trie pour tous.<\/strong><br \/>\nNotre g\u00e9om\u00e9trie d\u2019endurance a \u00e9t\u00e9 valid\u00e9e par les meilleurs d\u2019heures d\u2019utilisation par des cycliste du monde entier, qui l\u2019ont test\u00e9 sur des parcours incroyablement vari\u00e9s. La cat\u00e9gorie Endurance est vaste, mais cette g\u00e9om\u00e9trie offrent toujours une performance optimale, aussi bien pour les hommes que pour les femmes. Un tube de direction plus haut assure une position de conduite plus confortable, que vous pouvez maintenir pendant de longues heures.<\/p>\n<ul>\n<li>\n<p data-path-to-node=\"11,0,0\"><b data-path-to-node=\"11,0,0\" data-index-in-node=\"0\">Coloris \u00ab\u00a0Purple Rainbow\u00a0\u00bb &amp; Blanc :<\/b> Une finition nacr\u00e9e exclusive qui change selon la lumi\u00e8re, r\u00e9serv\u00e9e uniquement \u00e0 cette \u00e9dition de lancement.<\/p>\n<\/li>\n<li>\n<p data-path-to-node=\"11,1,0\"><b data-path-to-node=\"11,1,0\" data-index-in-node=\"0\">Roues Reparto Corse RC 49R :<\/b> Profil de 49mm, moyeux haute pr\u00e9cision, con\u00e7ues pour maximiser l&rsquo;effet du syst\u00e8me Countervail tout en offrant un a\u00e9rodynamisme de pointe.<\/p>\n<\/li>\n<li>\n<p data-path-to-node=\"11,2,0\"><b data-path-to-node=\"11,2,0\" data-index-in-node=\"0\">Cadre Countervail (CV) Optimis\u00e9 :<\/b> Le kit cadre le plus l\u00e9ger de la gamme Infinito, offrant une filtration des vibrations record.<\/p>\n<\/li>\n<li>\n<p data-path-to-node=\"11,3,0\"><b data-path-to-node=\"11,3,0\" data-index-in-node=\"0\">Num\u00e9ro Unique :<\/b> Chaque exemplaire porte sa plaque d&rsquo;authentification, garantissant son caract\u00e8re de s\u00e9rie limit\u00e9e.<b data-path-to-node=\"11,1,0\" data-index-in-node=\"0\"><\/b><\/p>\n<\/li>\n<li>\n<p data-path-to-node=\"11,3,0\"><b data-path-to-node=\"11,1,0\" data-index-in-node=\"0\">Polyvalence All-Road : <\/b>Disponible en version Route ou version Gravel.<\/p>\n<\/li>\n<\/ul>\n<p><b data-path-to-node=\"12\" data-index-in-node=\"0\">L&rsquo;avis de l&rsquo;expert Dijon Cycles :<br \/>\n<\/b>\u00ab\u00a0C&rsquo;est le v\u00e9lo &lsquo;plaisir&rsquo; par excellence. La Launch Edition n&rsquo;est pas seulement magnifique, elle est aussi \u00e9quip\u00e9e des meilleures roues actuelles de chez Bianchi. C&rsquo;est un investissement passion pour celui qui veut rouler sur une machine que l&rsquo;on ne croise pas \u00e0 chaque coin de rue.\u00a0\u00bb<\/p>\n<p>Quelle taille choisir ?\u00a0 Faites vos mesures en ligne avec l\u2019<a href=\"https:\/\/www.dijoncycles.fr\/en\/etude-posturale\/\">outil DIJON CYCLES.<\/a><\/p>\n<p>Visualiser la gamme\u00a0<a href=\"https:\/\/www.bianchi.com\/bianchi-infinito-2026\/\" target=\"_blank\" rel=\"noopener\">BIANCHI Infinito<\/a><\/p>","protected":false},"excerpt":{"rendered":"<p>Bianchi Infinito Pro 2026 \u2013 L&rsquo;\u00e9quilibre parfait entre vitesse et absorption Pr\u00e9parez-vous \u00e0 repousser vos limites avec le nouveau v\u00e9lo de route Bianchi Infinito Pro 2026. Cette version &lsquo;Pro&rsquo; a \u00e9t\u00e9 con\u00e7ue pour les cyclistes exigeants qui recherchent la r\u00e9activit\u00e9 d&rsquo;un v\u00e9lo de course sans sacrifier le confort sur les longues distances. Sa nouveaut\u00e9 majeure [&hellip;]<\/p>\n","protected":false},"featured_media":3839,"comment_status":"open","ping_status":"closed","template":"","meta":[],"product_brand":[36],"product_cat":[28],"product_tag":[],"class_list":{"0":"post-3932","1":"product","2":"type-product","3":"status-publish","4":"has-post-thumbnail","6":"product_brand-bianchi","7":"product_cat-route","9":"first","10":"onbackorder","11":"shipping-taxable","12":"purchasable","13":"product-type-variable"},"jetpack_sharing_enabled":true,"_links":{"self":[{"href":"https:\/\/www.dijoncycles.fr\/en\/wp-json\/wp\/v2\/product\/3932","targetHints":{"allow":["GET"]}}],"collection":[{"href":"https:\/\/www.dijoncycles.fr\/en\/wp-json\/wp\/v2\/product"}],"about":[{"href":"https:\/\/www.dijoncycles.fr\/en\/wp-json\/wp\/v2\/types\/product"}],"replies":[{"embeddable":true,"href":"https:\/\/www.dijoncycles.fr\/en\/wp-json\/wp\/v2\/comments?post=3932"}],"wp:featuredmedia":[{"embeddable":true,"href":"https:\/\/www.dijoncycles.fr\/en\/wp-json\/wp\/v2\/media\/3839"}],"wp:attachment":[{"href":"https:\/\/www.dijoncycles.fr\/en\/wp-json\/wp\/v2\/media?parent=3932"}],"wp:term":[{"taxonomy":"product_brand","embeddable":true,"href":"https:\/\/www.dijoncycles.fr\/en\/wp-json\/wp\/v2\/product_brand?post=3932"},{"taxonomy":"product_cat","embeddable":true,"href":"https:\/\/www.dijoncycles.fr\/en\/wp-json\/wp\/v2\/product_cat?post=3932"},{"taxonomy":"product_tag","embeddable":true,"href":"https:\/\/www.dijoncycles.fr\/en\/wp-json\/wp\/v2\/product_tag?post=3932"}],"curies":[{"name":"wp","href":"https:\/\/api.w.org\/{rel}","templated":true}]}}