{"id":3986,"date":"2026-03-11T22:33:10","date_gmt":"2026-03-11T21:33:10","guid":{"rendered":"https:\/\/www.dijoncycles.fr\/?post_type=product&#038;p=3986"},"modified":"2026-04-09T15:47:08","modified_gmt":"2026-04-09T13:47:08","slug":"vtt-polygon-cascade-5","status":"publish","type":"product","link":"https:\/\/www.dijoncycles.fr\/en\/product\/vtt-polygon-cascade-5\/","title":{"rendered":"VTT POLYGON Cascade 5"},"content":{"rendered":"<p>Vous cherchez un premier VTT capable de vous accompagner aussi bien sur les sentiers forestiers que sur les pistes cyclables de Dijon ? Le <b data-path-to-node=\"9,0\" data-index-in-node=\"140\">POLYGON Cascade 5<\/b> est con\u00e7u pour la polyvalence. Construit autour d&rsquo;un cadre en aluminium ALX durable et l\u00e9ger, il offre une position de conduite confortable pour d\u00e9couvrir le plaisir du tout-terrain en toute confiance.<\/p>\n<h4>LE SORCIER: L&rsquo;amour naissant des montagnes<\/h4>\n<p>Notre enchanteur intemporel : le Cascade, con\u00e7u pour vous, passionn\u00e9s, avides de sensations fortes en montagne. Ce v\u00e9lo semi-rigide est dot\u00e9 d&rsquo;un cadre l\u00e9ger et robuste en aluminium AL6 et d&rsquo;une g\u00e9om\u00e9trie moderne pour un confort optimal. Ses composants : roues de 27,5 ou 29 pouces pour une r\u00e9sistance au roulement r\u00e9duite, fourche suspendue de 100 mm de d\u00e9battement pour absorber les chocs sur les chemins forestiers et freins \u00e0 disque pour une ma\u00eetrise parfaite. Laissez-vous envo\u00fbter par notre Cascade et d\u00e9couvrez une nouvelle passion pour les montagnes.<\/p>\n<p>Monter ou descendre des sentiers tout-terrain, sauter dans un bike-park, rouler sur une pumptrack, vous trouverez ici des montures pour hommes, femmes et enfants en qu\u00eate de sensations.<br \/>\nL&rsquo;important, c&rsquo;est le plaisir de rouler, l&rsquo;exploration et le confort. Pour celles et ceux qui r\u00eavent de passer des journ\u00e9es et des vacances avec un peu de hors-piste, de mont\u00e9es et de descentes. Alors, vive la vie et la joie du printemps !<\/p>\n<ul>\n<li>\n<p data-path-to-node=\"11,0,0\"><b data-path-to-node=\"11,0,0\" data-index-in-node=\"0\">Cadre ALX Aluminium :<\/b> Robuste et l\u00e9ger pour une manipulation facile.<\/p>\n<\/li>\n<li>\n<p data-path-to-node=\"11,1,0\"><b data-path-to-node=\"11,1,0\" data-index-in-node=\"0\">Transmission Shimano 1&#215;10 :<\/b> La simplicit\u00e9 et fiabilit\u00e9 du mono plateau avec une large gamme de vitesses pour grimper sans effort.<\/p>\n<\/li>\n<li>\n<p data-path-to-node=\"11,2,0\"><b data-path-to-node=\"11,2,0\" data-index-in-node=\"0\">Fourche suspendue :<\/b> Absorbe les chocs pour plus de confort sur les chemins accident\u00e9s.<\/p>\n<\/li>\n<li>\n<p data-path-to-node=\"11,3,0\"><b data-path-to-node=\"11,3,0\" data-index-in-node=\"0\">Freins \u00e0 disque hydraulique :<\/b> Un freinage puissant et s\u00e9curisant, m\u00eame sur sol mouill\u00e9.<\/p>\n<\/li>\n<li>\n<p data-path-to-node=\"11,4,0\"><b data-path-to-node=\"11,4,0\" data-index-in-node=\"0\">Roues 27.5&Prime; ou 29&Prime; :<\/b> Le parfait \u00e9quilibre entre agilit\u00e9 et franchissement.<\/p>\n<\/li>\n<\/ul>\n<p><b data-path-to-node=\"12\" data-index-in-node=\"0\">L&rsquo;avis de l&rsquo;expert Dijon Cycles :<br \/>\n<\/b>\u00ab\u00a0C&rsquo;est le v\u00e9lo &lsquo;passe-partout&rsquo; par excellence. Pour 549\u20ac, Polygon propose un cadre de qualit\u00e9 sup\u00e9rieure \u00e0 ce qu&rsquo;on trouve habituellement dans cette gamme de prix. On le recommande souvent aux \u00e9tudiants dijonnais qui veulent un v\u00e9lo robuste pour aller en cours et s&rsquo;\u00e9vader le week-end.\u00a0\u00bb<\/p>\n<p>N&rsquo;oubliez pas de prot\u00e9ger votre t\u00eate avec l&rsquo;un de nos <a class=\"ng-star-inserted\" href=\"https:\/\/www.dijoncycles.fr\/en\/casques-velo\/\" target=\"_blank\" rel=\"noopener\" data-hveid=\"0\" data-ved=\"0CAAQ_4QMahcKEwjO89ij4ZiTAxUAAAAAHQAAAAAQUw\">casques MET<\/a> adapt\u00e9s.<\/p>\n<p>Visualiser la gamme <a href=\"https:\/\/www.polygonbikes.com\/fr\/cascade-fr\/\" target=\"_blank\" rel=\"noopener\">POLYGON Cascade<\/a><\/p>\n<p><b data-path-to-node=\"23,0\" data-index-in-node=\"0\">Disponible en magasin par abonnement !<\/b>\u00a0Profitez du Polygon Cascade 5 pour quelques euros par mois avec notre service <b data-path-to-node=\"23,0\" data-index-in-node=\"108\"><a class=\"ng-star-inserted\" href=\"https:\/\/www.dijoncycles.fr\/en\/abonnement-velo-greenleaze\/\" target=\"_blank\" rel=\"noopener\" data-hveid=\"0\" data-ved=\"0CAAQ_4QMahcKEwjO89ij4ZiTAxUAAAAAHQAAAAAQVQ\">Abonnement V\u00e9lo<\/a><\/b>. Entretien et assurance inclus pour rouler l&rsquo;esprit tranquille.<\/p>","protected":false},"excerpt":{"rendered":"<p>Vous cherchez un premier VTT capable de vous accompagner aussi bien sur les sentiers forestiers que sur les pistes cyclables de Dijon ? Le POLYGON Cascade 5 est con\u00e7u pour la polyvalence. Construit autour d&rsquo;un cadre en aluminium ALX durable et l\u00e9ger, il offre une position de conduite confortable pour d\u00e9couvrir le plaisir du tout-terrain [&hellip;]<\/p>\n","protected":false},"featured_media":3987,"comment_status":"open","ping_status":"closed","template":"","meta":[],"product_brand":[57],"product_cat":[24],"product_tag":[],"class_list":{"0":"post-3986","1":"product","2":"type-product","3":"status-publish","4":"has-post-thumbnail","6":"product_brand-polygon","7":"product_cat-vtt","9":"first","10":"instock","11":"shipping-taxable","12":"purchasable","13":"product-type-variable","14":"has-default-attributes"},"jetpack_sharing_enabled":true,"_links":{"self":[{"href":"https:\/\/www.dijoncycles.fr\/en\/wp-json\/wp\/v2\/product\/3986","targetHints":{"allow":["GET"]}}],"collection":[{"href":"https:\/\/www.dijoncycles.fr\/en\/wp-json\/wp\/v2\/product"}],"about":[{"href":"https:\/\/www.dijoncycles.fr\/en\/wp-json\/wp\/v2\/types\/product"}],"replies":[{"embeddable":true,"href":"https:\/\/www.dijoncycles.fr\/en\/wp-json\/wp\/v2\/comments?post=3986"}],"wp:featuredmedia":[{"embeddable":true,"href":"https:\/\/www.dijoncycles.fr\/en\/wp-json\/wp\/v2\/media\/3987"}],"wp:attachment":[{"href":"https:\/\/www.dijoncycles.fr\/en\/wp-json\/wp\/v2\/media?parent=3986"}],"wp:term":[{"taxonomy":"product_brand","embeddable":true,"href":"https:\/\/www.dijoncycles.fr\/en\/wp-json\/wp\/v2\/product_brand?post=3986"},{"taxonomy":"product_cat","embeddable":true,"href":"https:\/\/www.dijoncycles.fr\/en\/wp-json\/wp\/v2\/product_cat?post=3986"},{"taxonomy":"product_tag","embeddable":true,"href":"https:\/\/www.dijoncycles.fr\/en\/wp-json\/wp\/v2\/product_tag?post=3986"}],"curies":[{"name":"wp","href":"https:\/\/api.w.org\/{rel}","templated":true}]}}