{"id":3998,"date":"2026-03-20T21:39:03","date_gmt":"2026-03-20T20:39:03","guid":{"rendered":"https:\/\/www.dijoncycles.fr\/?post_type=product&#038;p=3998"},"modified":"2026-04-11T09:05:40","modified_gmt":"2026-04-11T07:05:40","slug":"velo-de-route-trek-domane-alr-5-2026-tq","status":"publish","type":"product","link":"https:\/\/www.dijoncycles.fr\/en\/product\/velo-de-route-trek-domane-alr-5-2026-tq\/","title":{"rendered":"TREK Domane+ ALR 5"},"content":{"rendered":"<h4>Trek Domane+ ALR 5 (2026) \u2013 L&rsquo;assistance invisible pour aller plus loin<\/h4>\n<p>Red\u00e9finissez vos limites avec le <b data-path-to-node=\"9,0\" data-index-in-node=\"34\">Trek Domane+ ALR 5 2026<\/b>. Ce v\u00e9lo de route \u00e0 assistance \u00e9lectrique cache bien son jeu : gr\u00e2ce au moteur r\u00e9volutionnaire <b data-path-to-node=\"9,0\" data-index-in-node=\"153\">TQ-HPR60<\/b>, vous b\u00e9n\u00e9ficiez d&rsquo;une pouss\u00e9e fluide et silencieuse qui se fait oublier d\u00e8s que vous d\u00e9passez les 25 km\/h. Construit sur un cadre en aluminium Alpha S\u00e9rie 300 rigide et confortable, c&rsquo;est le v\u00e9lo id\u00e9al pour gravir les cols de l&rsquo;arri\u00e8re-pays dijonnais sans changer vos habitudes de p\u00e9dalage.<\/p>\n<p class=\"text-center text-lg mx-auto px-2 max-w-md lg:max-w-lg mt-3 mb-4 md:mt-6 md:mb-6\" data-v-5e463b9e=\"\">Le Domane+ ALR 5 est un v\u00e9lo de route \u00e9lectrique en aluminium con\u00e7u pour vous soulager dans les grandes ascensions et vous permettre de rester en selle pendant de longues journ\u00e9es. Son moteur TQ HPR60, doux et silencieux, procure une sensation de puissance naturelle, tandis que la transmission SRAM Apex \u00e0 12 vitesses assure des changements de vitesse nets et fiables, que ce soit pour des sorties rapides en groupe ou des escapades en solo le week-end.<\/p>\n<ul>\n<li data-path-to-node=\"11,0,0\"><b data-path-to-node=\"11,0,0\" data-index-in-node=\"0\">Moteur TQ-HPR60 :<\/b> Technologie de transmission \u00e0 d\u00e9multiplicateur harmonique. Pas de bruit, pas de friction, juste une sensation de \u00ab\u00a0super-jambes\u00a0\u00bb.<\/li>\n<li data-path-to-node=\"11,0,0\"><b data-path-to-node=\"11,1,0\" data-index-in-node=\"0\">Batterie int\u00e9gr\u00e9e 360 Wh :<\/b> Parfaitement dissimul\u00e9e dans le tube diagonal pour un look de v\u00e9lo de route classique.<\/li>\n<li data-path-to-node=\"11,0,0\"><b data-path-to-node=\"11,2,0\" data-index-in-node=\"0\">Transmission SRAM Apex XPLR 12v :<\/b> La fiabilit\u00e9 et la pr\u00e9cision du standard de la route pour un passage de vitesses fluide.<\/li>\n<li data-path-to-node=\"11,0,0\"><b data-path-to-node=\"11,3,0\" data-index-in-node=\"0\">D\u00e9gagement de pneus large :<\/b> Compatible avec des pneus jusqu&rsquo;\u00e0 40mm pour s&rsquo;aventurer sur les routes d\u00e9grad\u00e9es ou faire du \u00ab\u00a0All-road\u00a0\u00bb.<\/li>\n<\/ul>\n<p><b data-path-to-node=\"12\" data-index-in-node=\"0\">L&rsquo;avis de l&rsquo;expert Dijon Cycles :<\/b><br \/>\n\u00ab\u00a0C&rsquo;est le VAE de route le plus bluffant que nous ayons test\u00e9. On ne sent aucune r\u00e9sistance au p\u00e9dalage moteur \u00e9teint. C&rsquo;est le v\u00e9lo parfait pour les sorties en groupe o\u00f9 l&rsquo;on veut un petit coup de pouce dans les bosses sans que personne ne remarque que vous \u00eates assist\u00e9.\u00a0\u00bb<\/p>\n<p data-path-to-node=\"20,0\"><b data-path-to-node=\"20,0\" data-index-in-node=\"0\">\u26a1 Profitez du moteur TQ par abonnement !<\/b> Ce Trek Domane+ est disponible via notre service <b data-path-to-node=\"20,0\" data-index-in-node=\"90\"><a class=\"ng-star-inserted\" href=\"https:\/\/www.dijoncycles.fr\/en\/abonnement-velo-greenleaze\/\" target=\"_blank\" rel=\"noopener\" data-hveid=\"0\" data-ved=\"0CAAQ_4QMahgKEwjDqaWTqq-TAxUAAAAAHQAAAAAQhgE\">Abonnement V\u00e9lo GreenLeaze<\/a><\/b>.<\/p>\n<ul>\n<li data-path-to-node=\"20,1,0,0\"><b data-path-to-node=\"20,1,0,0\" data-index-in-node=\"0\">Budget ma\u00eetris\u00e9 :<\/b> Une assistance \u00e9lectrique premium pour un loyer mensuel fixe.<\/li>\n<li data-path-to-node=\"20,1,0,0\"><b data-path-to-node=\"20,1,1,0\" data-index-in-node=\"0\">Maintenance incluse :<\/b> Profitez des mises \u00e0 jour logicielles de votre syst\u00e8me TQ en magasin dans notre <a class=\"ng-star-inserted\" href=\"https:\/\/www.dijoncycles.fr\/en\/tarifs-atelier\/\" target=\"_blank\" rel=\"noopener\" data-hveid=\"0\" data-ved=\"0CAAQ_4QMahgKEwjDqaWTqq-TAxUAAAAAHQAAAAAQhwE\">atelier certifi\u00e9<\/a>.<\/li>\n<li data-path-to-node=\"20,1,0,0\"><b data-path-to-node=\"20,1,2,0\" data-index-in-node=\"0\">S\u00e9r\u00e9nit\u00e9 :<\/b> Assurance casse et vol incluse pour prot\u00e9ger votre investissement.<\/li>\n<\/ul>\n<p>Visualiser la gamme <a href=\"https:\/\/www.trekbikes.com\/fr\/fr_FR\/v%C3%A9los\/v%C3%A9los-%C3%A9lectriques\/v%C3%A9los-%C3%A9lectriques-de-route\/f\/F221-6\/domane+-alr-5\/56167\/5335357\" target=\"_blank\" rel=\"noopener\">TREK Domane+ ALR<\/a><\/p>","protected":false},"excerpt":{"rendered":"<p>Trek Domane+ ALR 5 (2026) \u2013 L&rsquo;assistance invisible pour aller plus loin Red\u00e9finissez vos limites avec le Trek Domane+ ALR 5 2026. Ce v\u00e9lo de route \u00e0 assistance \u00e9lectrique cache bien son jeu : gr\u00e2ce au moteur r\u00e9volutionnaire TQ-HPR60, vous b\u00e9n\u00e9ficiez d&rsquo;une pouss\u00e9e fluide et silencieuse qui se fait oublier d\u00e8s que vous d\u00e9passez les [&hellip;]<\/p>\n","protected":false},"featured_media":4001,"comment_status":"open","ping_status":"closed","template":"","meta":[],"product_brand":[26],"product_cat":[28],"product_tag":[],"class_list":{"0":"post-3998","1":"product","2":"type-product","3":"status-publish","4":"has-post-thumbnail","6":"product_brand-trek","7":"product_cat-route","9":"first","10":"instock","11":"shipping-taxable","12":"purchasable","13":"product-type-variable","14":"has-default-attributes"},"jetpack_sharing_enabled":true,"_links":{"self":[{"href":"https:\/\/www.dijoncycles.fr\/en\/wp-json\/wp\/v2\/product\/3998","targetHints":{"allow":["GET"]}}],"collection":[{"href":"https:\/\/www.dijoncycles.fr\/en\/wp-json\/wp\/v2\/product"}],"about":[{"href":"https:\/\/www.dijoncycles.fr\/en\/wp-json\/wp\/v2\/types\/product"}],"replies":[{"embeddable":true,"href":"https:\/\/www.dijoncycles.fr\/en\/wp-json\/wp\/v2\/comments?post=3998"}],"wp:featuredmedia":[{"embeddable":true,"href":"https:\/\/www.dijoncycles.fr\/en\/wp-json\/wp\/v2\/media\/4001"}],"wp:attachment":[{"href":"https:\/\/www.dijoncycles.fr\/en\/wp-json\/wp\/v2\/media?parent=3998"}],"wp:term":[{"taxonomy":"product_brand","embeddable":true,"href":"https:\/\/www.dijoncycles.fr\/en\/wp-json\/wp\/v2\/product_brand?post=3998"},{"taxonomy":"product_cat","embeddable":true,"href":"https:\/\/www.dijoncycles.fr\/en\/wp-json\/wp\/v2\/product_cat?post=3998"},{"taxonomy":"product_tag","embeddable":true,"href":"https:\/\/www.dijoncycles.fr\/en\/wp-json\/wp\/v2\/product_tag?post=3998"}],"curies":[{"name":"wp","href":"https:\/\/api.w.org\/{rel}","templated":true}]}}