{"id":4016,"date":"2026-03-23T14:34:48","date_gmt":"2026-03-23T13:34:48","guid":{"rendered":"https:\/\/www.dijoncycles.fr\/?post_type=product&#038;p=4016"},"modified":"2026-04-26T12:16:48","modified_gmt":"2026-04-26T10:16:48","slug":"vtt-polygon-siskiu-t7-2026-udh","status":"publish","type":"product","link":"https:\/\/www.dijoncycles.fr\/en\/product\/vtt-polygon-siskiu-t7-2026-udh\/","title":{"rendered":"POLYGON SISKIU T7"},"content":{"rendered":"<h4>Polygon Siskiu T7 2026 \u2013 Le Trail sans compromis avec standard UDH<\/h4>\n<p>Le roi du rapport qualit\u00e9\/prix revient en force. Le <b data-path-to-node=\"9,0\" data-index-in-node=\"53\">Polygon Siskiu T7 2026<\/b> est le VTT tout-suspendu id\u00e9al pour ceux qui veulent attaquer les sentiers techniques avec un v\u00e9lo moderne et \u00e9volutif. D\u00e9sormais \u00e9quip\u00e9 de la <b data-path-to-node=\"9,0\" data-index-in-node=\"219\">patte de d\u00e9railleur standard UDH<\/b>, il assure une compatibilit\u00e9 maximale et une maintenance simplifi\u00e9e partout o\u00f9 vous roulez.<\/p>\n<section class=\"model-overview\">\n<div class=\"container\">\n<div class=\"model-overview__title\"><strong>L\u2019AS DES VTT TRAIL<br \/>\n<\/strong>La polyvalence All mountain \u00e0 l\u2019\u00e9tat pur<\/div>\n<\/div>\n<\/section>\n<section class=\"model-text-overview\">\n<div class=\"container\">\n<div class=\"row\">\n<div class=\"col-md\">\n<div class=\"model-text-overview__info desc-see-more\"><span class=\"long-description\">Un cocktail explosif d\u2019arguments et avantages incontournables pour monter et descendre n\u2019importe quel single track dans n\u2019importe quelle condition. Bases courtes, reach et stack ajust\u00e9s, nos Siskiu T dominent leur cat\u00e9gorie Trail &#8211; All Mountain.<\/span><\/div>\n<\/div>\n<\/div>\n<\/div>\n<\/section>\n<ul>\n<li><b data-path-to-node=\"11,0,0\" data-index-in-node=\"0\">Standard UDH (Universal Derailleur Hanger) :<\/b> Fini les gal\u00e8res de pi\u00e8ces d\u00e9tach\u00e9es ! La patte UDH est disponible partout et prot\u00e8ge mieux votre d\u00e9railleur.<\/li>\n<li><b data-path-to-node=\"11,1,0\" data-index-in-node=\"0\">Suspension performante :<\/b> 140 mm de d\u00e9battement (av\/ar) avec une cin\u00e9matique de suspension active pour un grip maximal en mont\u00e9e et en descente.<\/li>\n<li><b data-path-to-node=\"11,2,0\" data-index-in-node=\"0\">G\u00e9om\u00e9trie Moderne :<\/b> Angle de direction plus ouvert et \u00ab\u00a0reach\u00a0\u00bb allong\u00e9 pour une stabilit\u00e9 parfaite dans le d\u00e9fonc\u00e9.<\/li>\n<li><b data-path-to-node=\"11,3,0\" data-index-in-node=\"0\">\u00c9quipement complet :<\/b> Transmission 12 vitesses, freins \u00e0 disque puissants et <b data-path-to-node=\"11,3,0\" data-index-in-node=\"76\">tige de selle t\u00e9lescopique de s\u00e9rie<\/b>.<\/li>\n<\/ul>\n<p><b data-path-to-node=\"12\" data-index-in-node=\"0\">L&rsquo;avis de l&rsquo;expert Dijon Cycles :<br \/>\n<\/b>\u00ab\u00a0Le Siskiu T7 a toujours \u00e9t\u00e9 le v\u00e9lo pr\u00e9f\u00e9r\u00e9 des riders qui veulent un vrai XC pour le prix d&rsquo;un semi-rigide de grande marque. Avec le passage au standard UDH en 2026, Polygon prouve qu&rsquo;ils \u00e9coutent les pratiquants : c&rsquo;est un v\u00e9lo que vous pourrez faire \u00e9voluer tr\u00e8s facilement vers du haut de gamme.\u00a0\u00bb<\/p>\n<p>Compl\u00e9tez votre achat avec un <b data-path-to-node=\"27,0,0\" data-index-in-node=\"31\"><a href=\"https:\/\/www.dijoncycles.fr\/en\/casques-velo\/\">casque MET<\/a>\u00a0!<\/b><\/p>\n<p>Visualiser la gamme <a href=\"https:\/\/www.polygonbikes.com\/fr\/nos-velos-trail-fr\/\" target=\"_blank\" rel=\"noopener\">POLYGON SISKIU T7<\/a><\/p>\n<p>&nbsp;<\/p>","protected":false},"excerpt":{"rendered":"<p>Polygon Siskiu T7 2026 \u2013 Le Trail sans compromis avec standard UDH Le roi du rapport qualit\u00e9\/prix revient en force. Le Polygon Siskiu T7 2026 est le VTT tout-suspendu id\u00e9al pour ceux qui veulent attaquer les sentiers techniques avec un v\u00e9lo moderne et \u00e9volutif. D\u00e9sormais \u00e9quip\u00e9 de la patte de d\u00e9railleur standard UDH, il assure [&hellip;]<\/p>\n","protected":false},"featured_media":4021,"comment_status":"open","ping_status":"closed","template":"","meta":[],"product_brand":[57],"product_cat":[24],"product_tag":[],"class_list":{"0":"post-4016","1":"product","2":"type-product","3":"status-publish","4":"has-post-thumbnail","6":"product_brand-polygon","7":"product_cat-vtt","9":"first","10":"instock","11":"shipping-taxable","12":"purchasable","13":"product-type-variable","14":"has-default-attributes"},"jetpack_sharing_enabled":true,"_links":{"self":[{"href":"https:\/\/www.dijoncycles.fr\/en\/wp-json\/wp\/v2\/product\/4016","targetHints":{"allow":["GET"]}}],"collection":[{"href":"https:\/\/www.dijoncycles.fr\/en\/wp-json\/wp\/v2\/product"}],"about":[{"href":"https:\/\/www.dijoncycles.fr\/en\/wp-json\/wp\/v2\/types\/product"}],"replies":[{"embeddable":true,"href":"https:\/\/www.dijoncycles.fr\/en\/wp-json\/wp\/v2\/comments?post=4016"}],"wp:featuredmedia":[{"embeddable":true,"href":"https:\/\/www.dijoncycles.fr\/en\/wp-json\/wp\/v2\/media\/4021"}],"wp:attachment":[{"href":"https:\/\/www.dijoncycles.fr\/en\/wp-json\/wp\/v2\/media?parent=4016"}],"wp:term":[{"taxonomy":"product_brand","embeddable":true,"href":"https:\/\/www.dijoncycles.fr\/en\/wp-json\/wp\/v2\/product_brand?post=4016"},{"taxonomy":"product_cat","embeddable":true,"href":"https:\/\/www.dijoncycles.fr\/en\/wp-json\/wp\/v2\/product_cat?post=4016"},{"taxonomy":"product_tag","embeddable":true,"href":"https:\/\/www.dijoncycles.fr\/en\/wp-json\/wp\/v2\/product_tag?post=4016"}],"curies":[{"name":"wp","href":"https:\/\/api.w.org\/{rel}","templated":true}]}}