{"id":4093,"date":"2026-04-07T18:11:01","date_gmt":"2026-04-07T16:11:01","guid":{"rendered":"https:\/\/www.dijoncycles.fr\/?post_type=product&#038;p=4093"},"modified":"2026-04-07T18:59:00","modified_gmt":"2026-04-07T16:59:00","slug":"velo-route-polygon-strattos-c7-di2-2026","status":"publish","type":"product","link":"https:\/\/www.dijoncycles.fr\/en\/product\/velo-route-polygon-strattos-c7-di2-2026\/","title":{"rendered":"POLYGON Strattos C7"},"content":{"rendered":"<h4>Polygon Strattos C7 2026 \u2013 La performance carbone accessible<\/h4>\n<p>Route pure. Plaisir pur.<\/p>\n<p>Un v\u00e9lo route All-Road qui vous permet de rouler \u00e0 votre rythme.<\/p>\n<p>Con\u00e7u pour les cyclistes qui aiment les longues distances. R\u00e9actif et confortable, d&rsquo;une polyvalence infinie, il s&rsquo;adapte \u00e0 votre rythme, glissant avec aisance sur l&rsquo;asphalte lisse, les chemins de traverse accident\u00e9s et tous les types de terrains. De l&rsquo;aube au cr\u00e9puscule, il transforme l&rsquo;endurance en pur plaisir.<\/p>\n<p>\u00c9quip\u00e9 du groupe <b data-path-to-node=\"9,1\" data-index-in-node=\"17\">Shimano 105 12 vitesses<\/b>, il garantit des passages de vitesses fluides et pr\u00e9cis. Son int\u00e9gration totale des c\u00e2bles au niveau du poste de pilotage lui conf\u00e8re un look \u00e9pur\u00e9 et un gain a\u00e9rodynamique non n\u00e9gligeable. C&rsquo;est le v\u00e9lo route id\u00e9al pour les longues \u00e9pop\u00e9es vallonn\u00e9es.<\/p>\n<p>La hauteur de potence optimis\u00e9e offre une position de conduite plus droite, r\u00e9duisant ainsi les tensions au niveau du dos et des \u00e9paules. Con\u00e7u pour vous garantir confort et performance lors de longues sorties, d&rsquo;\u00e9preuves d&rsquo;endurance et de tous vos trajets.<br \/>\nLe vieux mythe selon lequel performance et confort sont incompatibles est d\u00e9sormais d\u00e9menti. Le nouveau Strattos est dot\u00e9 de haubans con\u00e7us pour absorber les vibrations de la route sans compromettre la rigidit\u00e9, permettant ainsi aux cyclistes de donner le meilleur d&rsquo;eux-m\u00eames plus longtemps et sans fatigue.<\/p>\n<p>Il accepte des pneus jusqu&rsquo;\u00e0 34c, offrant aux cyclistes la libert\u00e9 d&rsquo;affiner leur configuration pour la vitesse, le confort ou la stabilit\u00e9, ce qui le rend ultra-polyvalent sur une large gamme de conditions routi\u00e8res.<br \/>\nCette s\u00e9rie compl\u00e8te est dot\u00e9e d&rsquo;un nouveau poste de pilotage, d&rsquo;une potence et de roues int\u00e9gr\u00e9s en carbone, con\u00e7us par nos soins et fi\u00e8rement commercialis\u00e9s sous notre nouvelle gamme de composants, LINC. Con\u00e7ues pour un \u00e9quilibre parfait entre performance et confort, les roues LINC rendent le v\u00e9lo plus l\u00e9ger, plus rapide et plus stable par vent lat\u00e9ral, tout en optimisant la vitesse sur le plat. Id\u00e9al pour les cyclistes modernes qui recherchent \u00e0 la fois performance et \u00e9l\u00e9gance.<\/p>\n<p data-path-to-node=\"10\"><b data-path-to-node=\"10\" data-index-in-node=\"0\">Les points forts du mod\u00e8le 2026 :<\/b><\/p>\n<ul data-path-to-node=\"11\">\n<li>\n<p data-path-to-node=\"11,0,0\"><b data-path-to-node=\"11,0,0\" data-index-in-node=\"0\">Cadre Carbone ACX Performance :<\/b> Certifi\u00e9 UCI, confortable, nerveux et r\u00e9actif.<\/p>\n<\/li>\n<li>\n<p data-path-to-node=\"11,1,0\"><b data-path-to-node=\"11,1,0\" data-index-in-node=\"0\">Groupe Shimano 105 R7100 :<\/b> La fiabilit\u00e9 12 vitesses pour tous les d\u00e9nivel\u00e9s.<\/p>\n<\/li>\n<li>\n<p data-path-to-node=\"11,2,0\"><b data-path-to-node=\"11,2,0\" data-index-in-node=\"0\">Passage de c\u00e2bles interne :<\/b> Esth\u00e9tique moderne et a\u00e9rodynamisme optimis\u00e9.<\/p>\n<\/li>\n<li>\n<p data-path-to-node=\"11,3,0\"><b data-path-to-node=\"11,3,0\" data-index-in-node=\"0\">Confort accru :<\/b> G\u00e9om\u00e9trie \u00ab\u00a0All-rounder\u00a0\u00bb qui permet de rouler vite sans sacrifier le dos.<\/p>\n<\/li>\n<\/ul>\n<p><b data-path-to-node=\"19,0,0\" data-index-in-node=\"0\">L&rsquo;avis de l&rsquo;expert :<\/b> \u00ab\u00a0Le Strattos C7 est pour nous le meilleur choix pour un cycliste qui veut passer sur un premier vrai v\u00e9lo route carbone sans exploser son budget. Il n&rsquo;a rien \u00e0 envier \u00e0 des mod\u00e8les valant 1000\u20ac de plus.\u00a0\u00bb<\/p>\n<p>Associez votre nouveau v\u00e9lo avec une paire de <b data-path-to-node=\"19,2,0\" data-index-in-node=\"43\"><a class=\"ng-star-inserted\" href=\"https:\/\/www.dijoncycles.fr\/en\/chaussures\/\" target=\"_blank\" rel=\"noopener\" data-hveid=\"0\" data-ved=\"0CAAQ_4QMahgKEwjjwLuU2NuTAxUAAAAAHQAAAAAQvQE\">Chaussures Gaerne G.Sprint<\/a><\/b> pour un combo performance\/prix imbattable !<\/p>\n<p>Visualiser la gamme <a href=\"https:\/\/www.polygonbikes.com\/fr\/strattos-c-fr\/\" target=\"_blank\" rel=\"noopener\">POLYGON Strattos C<\/a><\/p>","protected":false},"excerpt":{"rendered":"<p>Polygon Strattos C7 2026 \u2013 La performance carbone accessible Route pure. Plaisir pur. Un v\u00e9lo route All-Road qui vous permet de rouler \u00e0 votre rythme. Con\u00e7u pour les cyclistes qui aiment les longues distances. R\u00e9actif et confortable, d&rsquo;une polyvalence infinie, il s&rsquo;adapte \u00e0 votre rythme, glissant avec aisance sur l&rsquo;asphalte lisse, les chemins de traverse [&hellip;]<\/p>\n","protected":false},"featured_media":4095,"comment_status":"open","ping_status":"closed","template":"","meta":[],"product_brand":[57],"product_cat":[28],"product_tag":[],"class_list":{"0":"post-4093","1":"product","2":"type-product","3":"status-publish","4":"has-post-thumbnail","6":"product_brand-polygon","7":"product_cat-route","9":"first","10":"instock","11":"shipping-taxable","12":"purchasable","13":"product-type-variable","14":"has-default-attributes"},"jetpack_sharing_enabled":true,"_links":{"self":[{"href":"https:\/\/www.dijoncycles.fr\/en\/wp-json\/wp\/v2\/product\/4093","targetHints":{"allow":["GET"]}}],"collection":[{"href":"https:\/\/www.dijoncycles.fr\/en\/wp-json\/wp\/v2\/product"}],"about":[{"href":"https:\/\/www.dijoncycles.fr\/en\/wp-json\/wp\/v2\/types\/product"}],"replies":[{"embeddable":true,"href":"https:\/\/www.dijoncycles.fr\/en\/wp-json\/wp\/v2\/comments?post=4093"}],"wp:featuredmedia":[{"embeddable":true,"href":"https:\/\/www.dijoncycles.fr\/en\/wp-json\/wp\/v2\/media\/4095"}],"wp:attachment":[{"href":"https:\/\/www.dijoncycles.fr\/en\/wp-json\/wp\/v2\/media?parent=4093"}],"wp:term":[{"taxonomy":"product_brand","embeddable":true,"href":"https:\/\/www.dijoncycles.fr\/en\/wp-json\/wp\/v2\/product_brand?post=4093"},{"taxonomy":"product_cat","embeddable":true,"href":"https:\/\/www.dijoncycles.fr\/en\/wp-json\/wp\/v2\/product_cat?post=4093"},{"taxonomy":"product_tag","embeddable":true,"href":"https:\/\/www.dijoncycles.fr\/en\/wp-json\/wp\/v2\/product_tag?post=4093"}],"curies":[{"name":"wp","href":"https:\/\/api.w.org\/{rel}","templated":true}]}}