{"id":4118,"date":"2026-04-20T19:02:40","date_gmt":"2026-04-20T17:02:40","guid":{"rendered":"https:\/\/www.dijoncycles.fr\/?post_type=product&#038;p=4118"},"modified":"2026-04-20T19:50:06","modified_gmt":"2026-04-20T17:50:06","slug":"vttae-vtt-electrique-haibike-alltrail-4","status":"publish","type":"product","link":"https:\/\/www.dijoncycles.fr\/en\/product\/vttae-vtt-electrique-haibike-alltrail-4\/","title":{"rendered":"HAIBIKE Alltrail 4"},"content":{"rendered":"<h3>Haibike AllTrail 4 \u2013 Le plaisir du VTTAE tout-suspendu sans limites<\/h3>\n<p>Le <b data-path-to-node=\"9,0\" data-index-in-node=\"4\">Haibike AllTrail 4 <\/b>est con\u00e7u pour les cyclistes qui souhaitent explorer de nouveaux horizons avec un maximum de confort. Ce VTT \u00e9lectrique tout-suspendu combine la puissance du moteur <b data-path-to-node=\"9,0\" data-index-in-node=\"193\">BOSCH Performance CX<\/b> \u00e0 une g\u00e9om\u00e9trie \u00e9quilibr\u00e9e, id\u00e9ale pour les longues balades en for\u00eat et les sentiers vallonn\u00e9s de Bourgogne. C&rsquo;est le v\u00e9lo parfait pour ceux qui recherchent la fiabilit\u00e9 et la simplicit\u00e9.<\/p>\n<h4 class=\"rich-text__heading\">QU\u2019EST-CE QUE LE HAIBIKE ALLTRAIL ?<\/h4>\n<p class=\"rich-text__heading\"><strong>Le HAIBIKE ALLTRAIL est bien plus qu\u2019un simple VTT \u00e9lectrique.<br \/>\n<\/strong>Il allie le caract\u00e8re sportif d\u2019un eMTB \u00e0 un haut niveau de confort \u2014 pour une conduite parfaitement \u00e9quilibr\u00e9e sur tous les types de sentiers.<\/p>\n<p class=\"rich-text__heading\"><strong>\u00c0 QUI S\u2019ADRESSE L\u2019ALLTRAIL ?<\/strong><br \/>\n\u00c0 celles et ceux qui ne veulent pas choisir.<br \/>\nVous voulez l\u2019agilit\u00e9 d\u2019un v\u00e9lo de trail mais aussi le confort pour les longues sorties ? Vous aimez l\u2019aventure autant que les balades tranquilles ?<br \/>\nC\u2019est exactement ce que propose l\u2019Alltrail : le lien parfait entre sport, confort et aventure.<\/p>\n<p class=\"rich-text__heading\"><span class=\"ed-iwt-heading-1\"><strong>S\u00c9RIE HAIBIKE ALLTRAIL<\/strong><br \/>\n<\/span>La famille Alltrail incarne la polyvalence et le plaisir de pilotage \u00e0 l\u2019\u00e9tat pur.<br \/>\nDes d\u00e9butants aux cyclistes les plus exigeants, chaque mod\u00e8le s\u00e9duit par sa technologie moderne et sa maniabilit\u00e9 \u00e9quilibr\u00e9e.<\/p>\n<p>Le nouveau HAIBIKE ALLTRAIL 4 est le parfait compromis entre un hardtail et un tout-suspendu. Id\u00e9al pour celles et ceux qui cherchent du confort sans aller jusqu\u2019\u00e0 l\u2019enduro. Avec 130\u202fmm de d\u00e9battement \u00e0 l\u2019avant et \u00e0 l\u2019arri\u00e8re, la suspension SR Suntour offre un bon \u00e9quilibre entre contr\u00f4le et plaisir. Son cadre alu robuste supporte jusqu\u2019\u00e0 150\u202fkg, m\u00eame avec bagages. Le moteur Bosch Performance Line CX et la batterie 600\u202fWh assurent une assistance durable et puissante.<\/p>\n<p>Le combo de roues mullet (29&Prime; \u00e0 l\u2019avant, 27,5&Prime; \u00e0 l\u2019arri\u00e8re) vous apporte fluidit\u00e9 et agilit\u00e9. Tige de selle t\u00e9lescopique et freins 4 pistons viennent compl\u00e9ter l\u2019\u00e9quipement. En bref : le ALLTRAIL 4 est votre ticket d\u2019entr\u00e9e dans l\u2019aventure eFully \u2013 confortable et pr\u00eat pour tous les sentiers.<\/p>\n<ul>\n<li>\n<p data-path-to-node=\"11,0,0\"><b data-path-to-node=\"11,0,0\" data-index-in-node=\"0\">Moteur BOSCH Performance CX :<\/b> Un moteur compact, l\u00e9ger et silencieux offrant un couple de 85 Nm (jusqu&rsquo;\u00e0 100Mn) pour franchir les c\u00f4tes sans effort.<\/p>\n<\/li>\n<li>\n<p data-path-to-node=\"11,0,0\"><b data-path-to-node=\"11,1,0\" data-index-in-node=\"0\">Batterie InTube 600Wh :<\/b> Profitez d&rsquo;une autonomie g\u00e9n\u00e9reuse pour des sorties prolong\u00e9es en toute s\u00e9r\u00e9nit\u00e9.<\/p>\n<\/li>\n<li>\n<p data-path-to-node=\"11,0,0\"><b data-path-to-node=\"11,2,0\" data-index-in-node=\"0\">Suspensions 130mm :<\/b> Un d\u00e9battement confortable \u00e0 l&rsquo;avant comme \u00e0 l&rsquo;arri\u00e8re pour gommer les irr\u00e9gularit\u00e9s du terrain (racines, pierres, nids-de-poule).<\/p>\n<\/li>\n<li>\n<p data-path-to-node=\"11,0,0\"><b data-path-to-node=\"11,3,0\" data-index-in-node=\"0\">Transmission SRAM :<\/b> Une m\u00e9canique fiable et robuste pour des passages de vitesses fluides en toutes circonstances.<\/p>\n<\/li>\n<\/ul>\n<p><b data-path-to-node=\"18,0,0\" data-index-in-node=\"0\">L&rsquo;avis de l&rsquo;expert DIJON CYCLES:<\/b> Le <em>Alltrail 4 est notre best-seller pour ceux qui veulent passer du semi-rigide au tout-suspendu. Le moteur BOSCH est extr\u00eamement naturel au p\u00e9dalage, on ne sent pas de r\u00e9sistance, ce qui rend la conduite tr\u00e8s fluide.<\/em><\/p>\n<p>Le Haibike AllTrail 4 est disponible via notre service d&rsquo;<b data-path-to-node=\"18,1,0\" data-index-in-node=\"59\"><a class=\"ng-star-inserted\" href=\"https:\/\/www.dijoncycles.fr\/en\/abonnement-velo-greenleaze\/\" target=\"_blank\" rel=\"noopener\" data-hveid=\"0\" data-ved=\"0CAAQ_4QMahcKEwjkmqz2qvyTAxUAAAAAHQAAAAAQew\">Abonnement V\u00e9lo GreenLeaze<\/a><\/b>. Profitez d&rsquo;un loyer mensuel fixe incluant l&rsquo;assurance casse, parfait pour d\u00e9buter le VTTAE l&rsquo;esprit tranquille.<\/p>\n<p>Visualiser la gamme <a href=\"https:\/\/haibike.com\/fr-fr\/pages\/alltrail\" target=\"_blank\" rel=\"noopener\">HAIBIKE Alltrail<\/a><\/p>","protected":false},"excerpt":{"rendered":"<p>Haibike AllTrail 4 \u2013 Le plaisir du VTTAE tout-suspendu sans limites Le Haibike AllTrail 4 est con\u00e7u pour les cyclistes qui souhaitent explorer de nouveaux horizons avec un maximum de confort. Ce VTT \u00e9lectrique tout-suspendu combine la puissance du moteur BOSCH Performance CX \u00e0 une g\u00e9om\u00e9trie \u00e9quilibr\u00e9e, id\u00e9ale pour les longues balades en for\u00eat et [&hellip;]<\/p>\n","protected":false},"featured_media":4122,"comment_status":"open","ping_status":"closed","template":"","meta":[],"product_brand":[56],"product_cat":[30],"product_tag":[],"class_list":{"0":"post-4118","1":"product","2":"type-product","3":"status-publish","4":"has-post-thumbnail","6":"product_brand-haibike","7":"product_cat-vtt-electrique","9":"first","10":"onbackorder","11":"shipping-taxable","12":"purchasable","13":"product-type-variable"},"jetpack_sharing_enabled":true,"_links":{"self":[{"href":"https:\/\/www.dijoncycles.fr\/en\/wp-json\/wp\/v2\/product\/4118","targetHints":{"allow":["GET"]}}],"collection":[{"href":"https:\/\/www.dijoncycles.fr\/en\/wp-json\/wp\/v2\/product"}],"about":[{"href":"https:\/\/www.dijoncycles.fr\/en\/wp-json\/wp\/v2\/types\/product"}],"replies":[{"embeddable":true,"href":"https:\/\/www.dijoncycles.fr\/en\/wp-json\/wp\/v2\/comments?post=4118"}],"wp:featuredmedia":[{"embeddable":true,"href":"https:\/\/www.dijoncycles.fr\/en\/wp-json\/wp\/v2\/media\/4122"}],"wp:attachment":[{"href":"https:\/\/www.dijoncycles.fr\/en\/wp-json\/wp\/v2\/media?parent=4118"}],"wp:term":[{"taxonomy":"product_brand","embeddable":true,"href":"https:\/\/www.dijoncycles.fr\/en\/wp-json\/wp\/v2\/product_brand?post=4118"},{"taxonomy":"product_cat","embeddable":true,"href":"https:\/\/www.dijoncycles.fr\/en\/wp-json\/wp\/v2\/product_cat?post=4118"},{"taxonomy":"product_tag","embeddable":true,"href":"https:\/\/www.dijoncycles.fr\/en\/wp-json\/wp\/v2\/product_tag?post=4118"}],"curies":[{"name":"wp","href":"https:\/\/api.w.org\/{rel}","templated":true}]}}